{"id":25836,"date":"2022-03-14T11:01:28","date_gmt":"2022-03-14T11:01:28","guid":{"rendered":"https:\/\/albertominguez.com\/?page_id=25836"},"modified":"2026-03-10T16:44:07","modified_gmt":"2026-03-10T16:44:07","slug":"publications-2","status":"publish","type":"page","link":"https:\/\/albertominguez.com\/?page_id=25836","title":{"rendered":"Publications"},"content":{"rendered":"\t\t<div data-elementor-type=\"wp-page\" data-elementor-id=\"25836\" class=\"elementor elementor-25836\" data-elementor-settings=\"[]\">\n\t\t\t\t\t\t<div class=\"elementor-inner\">\n\t\t\t\t\t\t\t<div class=\"elementor-section-wrap\">\n\t\t\t\t\t\t\t<section class=\"elementor-section elementor-top-section elementor-element elementor-element-2ff1f504 elementor-section-boxed elementor-section-height-default elementor-section-height-default\" data-id=\"2ff1f504\" data-element_type=\"section\" data-settings=\"{&quot;background_background&quot;:&quot;classic&quot;}\">\n\t\t\t\t\t\t\t<div class=\"elementor-background-overlay\"><\/div>\n\t\t\t\t\t\t\t<div class=\"elementor-container elementor-column-gap-default\">\n\t\t\t\t\t\t\t<div class=\"elementor-row\">\n\t\t\t\t\t<div class=\"elementor-column elementor-col-100 elementor-top-column elementor-element elementor-element-7e189b56\" data-id=\"7e189b56\" data-element_type=\"column\">\n\t\t\t<div class=\"elementor-column-wrap elementor-element-populated\">\n\t\t\t\t\t\t\t<div class=\"elementor-widget-wrap\">\n\t\t\t\t\t\t\t\t<\/div>\n\t\t\t\t\t<\/div>\n\t\t<\/div>\n\t\t\t\t\t\t\t\t<\/div>\n\t\t\t\t\t<\/div>\n\t\t<\/section>\n\t\t\t\t<section class=\"elementor-section elementor-top-section elementor-element elementor-element-187a1d2 elementor-section-boxed elementor-section-height-default elementor-section-height-default\" data-id=\"187a1d2\" data-element_type=\"section\">\n\t\t\t\t\t\t<div class=\"elementor-container elementor-column-gap-default\">\n\t\t\t\t\t\t\t<div class=\"elementor-row\">\n\t\t\t\t\t<div class=\"elementor-column elementor-col-100 elementor-top-column elementor-element elementor-element-e7c63b9\" data-id=\"e7c63b9\" data-element_type=\"column\">\n\t\t\t<div class=\"elementor-column-wrap elementor-element-populated\">\n\t\t\t\t\t\t\t<div class=\"elementor-widget-wrap\">\n\t\t\t\t\t\t<div class=\"elementor-element elementor-element-84d3758 elementor-widget elementor-widget-text-editor\" data-id=\"84d3758\" data-element_type=\"widget\" data-widget_type=\"text-editor.default\">\n\t\t\t\t<div class=\"elementor-widget-container\">\n\t\t\t\t\t\t\t\t<div class=\"elementor-text-editor elementor-clearfix\">\n\t\t\t\t<ul>\n<li><a href=\"http:\/\/albertominguez.com\/wp-content\/uploads\/2026\/03\/Ramanujan_expanders.pdf\">Ramanujan Complexes from Unitary Groups over Number Fields<\/a>, with R. Dalal and J. Zou, preprint 2026, (54 pages). arXiv:2603.06156.<\/li>\n<li><a href=\"http:\/\/albertominguez.com\/wp-content\/uploads\/2025\/09\/AZ.pdf\">An algorithm for Aubert\u2013Zelevinsky duality \u00e0 la M\u0153glin\u2013Waldspurger<\/a>, with T. Lanard, preprint 2025, (86 pages). arXiv:2509.13231.&nbsp;<a href=\"https:\/\/github.com\/ThomasLanard\/aubert-zelevinsky-duality\">Sage code.<\/a><\/li>\n<li><a href=\"http:\/\/albertominguez.com\/wp-content\/uploads\/2025\/09\/UniDual1.pdf\">Unitary dual of p-adic split SO(2n+1) and Sp(2n): The good parity case (and slightly beyond)<\/a>, with H. Atobe, preprint 2025, (37 pages). arXiv:2505.09991.<\/li>\n<li><a href=\"http:\/\/albertominguez.com\/wp-content\/uploads\/2025\/09\/AGIKMS.pdf\">Local intertwining relations and co-tempered A-packets of classical groups<\/a>, with H. Atobe, W. T. Gan, A. Ichino, T. Kaletha, and S. W. Shin, preprint 2024, (222 pages). arXiv:2410.13504.<\/li>\n<li><a href=\"http:\/\/albertominguez.com\/wp-content\/uploads\/2024\/10\/strongmodl.pdf\">On modular rigidity for GL(n)<\/a>, with N. Matringe and V. S\u00e9cherre, IMRN, Volume 2026, Issue 3 (2026).<\/li>\n<li><a href=\"http:\/\/albertominguez.com\/wp-content\/uploads\/2023\/03\/automodl.pdf\">Local transfer for quasi-split classical groups and congruences mod l<\/a>, with V. S\u00e9cherre (with an appendix by Guy Henniart), J. Eur. Math. Soc. 27 (2025), no. 12, pp. 5173\u20135234. <a href=\"http:\/\/albertominguez.com\/wp-content\/uploads\/2025\/09\/automodl_JEMS_corrigendum_v2.pdf\">Corrigendum<\/a>.<\/li>\n<li><a style=\"font-family: var( --e-global-typography-text-font-family ), Sans-serif;\" href=\"http:\/\/albertominguez.com\/wp-content\/uploads\/2022\/03\/finalarxivb210322.pdf\">A binary operation on irreducible components of&nbsp;Lusztig&#8217;s nilpotent varieties II: applications and conjectures for representations of GL_n over a non-archimedean local field<\/a><span style=\"color: var( --e-global-color-text ); font-family: var( --e-global-typography-text-font-family ), Sans-serif;\">, <\/span><span style=\"color: var( --e-global-color-text ); font-family: var( --e-global-typography-text-font-family ), Sans-serif; line-height: 20px;\">with E. Lapid, Pure and Applied Mathematics Quarterly, &nbsp;Volume 21 (2025) Number 2, pp. 813\u2013863, volume in the honor of D. Kazhdan.<\/span><\/li>\n<li style=\"font-size: 16px;\"><a href=\"http:\/\/albertominguez.com\/wp-content\/uploads\/2022\/03\/duality_v3.pdf\">The explicit Zelevinsky\u2013Aubert duality<\/a>, with H. Atobe, Compositio Mathematica, Volume 159, Issue 2 , (2023) , pp. 380\u2013418.<\/li>\n<li><a href=\"http:\/\/albertominguez.com\/wp-content\/uploads\/2022\/03\/Cyclicity060521.pdf\">Cyclic representations of general linear p-adic groups<\/a>, <span style=\"line-height: 20px;\">with M. Gurevich, J. Algebra 585 (2021), 25\u201335.<\/span><\/li>\n<li><a href=\"http:\/\/albertominguez.com\/wp-content\/uploads\/2022\/03\/combined170520.pdf\">Conjectures and results about parabolic induction of representations of GL_n(F)<\/a>, <span style=\"line-height: 20px;\">with E. Lapid, Invent. Math. 222 (2020), no. 3, 695\u2013747.<\/span><\/li>\n<li><a title=\"Publications_files\/combined280317.pdf\" href=\"http:\/\/albertominguez.com\/wp-content\/uploads\/2022\/03\/combined280317.pdf\">Geometric conditions for square-irreducibility of certain representations&nbsp;of the general linear group over a non-archimedean local field<\/a>, <span style=\"line-height: 20px;\">with<\/span><span style=\"line-height: 20px;\"> E. Lapid, Adv. Math. 339 (2018), 113\u2013190. <a href=\"http:\/\/albertominguez.com\/wp-content\/uploads\/2025\/09\/correctionLM.pdf\">Corrigendum<\/a>.<\/span><\/li>\n<li><a title=\"Publications_files\/jlmodl_v7.pdf\" href=\"http:\/\/albertominguez.com\/wp-content\/uploads\/2022\/03\/jlmodl_v7.pdf\">Correspondance de Jacquet-Langlands locale et congruences modulo l<\/a>, <span style=\"line-height: 20px;\">with<\/span><span style=\"line-height: 20px;\"> V. S\u00e9cherre, Invent. Math. 208 (2017), no. 2, 553\u2013631.<\/span><\/li>\n<li><a title=\"Publications_files\/LMfinal_131215.pdf\" href=\"http:\/\/albertominguez.com\/wp-content\/uploads\/2022\/03\/LMfinal_131215.pdf\">On parabolic induction on inner forms of the general linear group over a non-archimedean local field<\/a>, <span style=\"line-height: 20px;\">with<\/span><span style=\"line-height: 20px;\"> E. Lapid, Select. Math., volume en l&#8217;honneur de Bernstein, 22 No. 4 (2016), 2347\u20132400.<\/span><\/li>\n<li><a title=\"Publications_files\/finimodl_contemporary.pdf\" href=\"http:\/\/albertominguez.com\/wp-content\/uploads\/2022\/03\/finimodl_contemporary.pdf\">Classification des repr\u00e9sentations modulaires de&nbsp;GL(n,q) en caract\u00e9ristique non-naturelle<\/a>, <span style=\"line-height: 20px;\">with<\/span><span style=\"line-height: 20px;\"> V. S\u00e9cherre, Contemporary Math. 649 (2015).<\/span><\/li>\n<li><a title=\"Publications_files\/invmodl.pdf\" href=\"http:\/\/albertominguez.com\/wp-content\/uploads\/2022\/03\/invmodl.pdf\">L&#8217;involution de Zelevinski modulo l<\/a>, <span style=\"line-height: 20px;\">with<\/span><span style=\"line-height: 20px;\"> V. S\u00e9cherre, Representation Theory 19 (2015), 236\u2013262.<\/span><\/li>\n<li><a title=\"Publications_files\/KMSW.pdf\" href=\"http:\/\/albertominguez.com\/wp-content\/uploads\/2022\/03\/KMSW.pdf\">Endoscopic Classification of Representations: Inner Forms of Unitary Groups<\/a>, <span style=\"line-height: 20px;\">with T. Kaletha, S. W. Shin and P. J. White, preprint 2014 (220 pages).<\/span><\/li>\n<li><a title=\"Publications_files\/non-ramifie.pdf\" href=\"http:\/\/albertominguez.com\/wp-content\/uploads\/2022\/03\/non-ramifie.pdf\">Unramified l-modular representations of GL(n,F) and its inner forms<\/a>, <span style=\"line-height: 20px;\">with<\/span><span style=\"line-height: 20px;\"> V. S\u00e9cherre, Int. Math. Res. Notices 8 (2014), 2090\u20132118.<\/span><\/li>\n<li><a title=\"Publications_files\/repmodl.pdf\" href=\"http:\/\/albertominguez.com\/wp-content\/uploads\/2022\/03\/repmodl.pdf\">Repr\u00e9sentations lisses modulo l de GL(m,D)<\/a>, <span style=\"line-height: 20px;\">with<\/span><span style=\"line-height: 20px;\"> V. S\u00e9cherre, Duke Math. J. 163 (2014), 795\u2013887.<\/span><\/li>\n<li><a style=\"font-family: var( --e-global-typography-text-font-family ), Sans-serif; font-size: 1rem;\" title=\"Publications_files\/typesmodl.pdf\" href=\"http:\/\/albertominguez.com\/wp-content\/uploads\/2022\/03\/typesmodl.pdf\">Types modulo l pour les formes int\u00e9rieures de GL(n) sur un corps local non archim\u00e9dien<\/a><span style=\"color: var( --e-global-color-text ); font-family: var( --e-global-typography-text-font-family ), Sans-serif; font-size: 1rem;\">, <span style=\"line-height: 20px;\">with<\/span><\/span><span style=\"color: var( --e-global-color-text ); font-family: var( --e-global-typography-text-font-family ), Sans-serif; font-size: 1rem; line-height: 20px;\"> V. S\u00e9cherre, Proc. Math. London Soc. 109 (2014), no. 4, 823\u2013891.<\/span><\/li>\n<li><a title=\"Publications_files\/ladder070312.pdf\" href=\"http:\/\/albertominguez.com\/wp-content\/uploads\/2022\/03\/ladder070312.pdf\">On a determinantal formula of Tadic<\/a>, <span style=\"line-height: 20px;\">with<\/span><span style=\"line-height: 20px;\"> E. Lapid, Amer. J. of Math. 136, 1, (2014), 111\u2013142.<\/span><\/li>\n<li><a title=\"Publications_files\/banal.pdf\" href=\"http:\/\/albertominguez.com\/wp-content\/uploads\/2022\/03\/banal.pdf\">Repr\u00e9sentations banales de GL(m,D)<\/a>, <span style=\"line-height: 20px;\">with<\/span><span style=\"line-height: 20px;\"> V. S\u00e9cherre, Compos. Math. 149 (2013), p. 679\u2013704.<\/span><\/li>\n<li><a title=\"Publications_files\/BLM_final.pdf\" href=\"http:\/\/albertominguez.com\/wp-content\/uploads\/2022\/03\/BLM_final.pdf\">Une condition suffisante pour l&#8217;irr\u00e9ductibilit\u00e9 d&#8217;une induite parabolique de GL(m,D)<\/a>, <span style=\"line-height: 20px;\">with<\/span><span style=\"line-height: 20px;\"> I. Badulescu and E. Lapid, Ann. Inst. Fourier 63, volume 6 (2013), 2239\u20132266.<\/span><\/li>\n<li><a title=\"Publications_files\/minguez_zeta.pdf\" href=\"http:\/\/albertominguez.com\/wp-content\/uploads\/2022\/03\/minguez_zeta.pdf\">Fonctions z\u00eata l-modulaires<\/a>, <span style=\"line-height: 20px;\"> The Hiroshi Saito Memorial Volume, Nagoya Math. J. 208 (2012), 39\u201365.<\/span><\/li>\n<li><a title=\"Publications_files\/minguez_conservation_version2.pdf\" href=\"http:\/\/albertominguez.com\/wp-content\/uploads\/2022\/03\/minguez_conservation_version2.pdf\">Conservation relation for cuspidal representations<\/a>, <span style=\"line-height: 20px;\">Math. Ann. 352 (2012), 179\u2013188.<\/span><\/li>\n<li><a title=\"Publications_files\/chapitre_minguez.pdf\" href=\"http:\/\/albertominguez.com\/wp-content\/uploads\/2022\/03\/chapitre_minguez.pdf\">Unramified representations of unitary groups<\/a>,<span style=\"line-height: 20px;\"> chapter of the book \u201c<\/span><a style=\"line-height: 20px;\" title=\"http:\/\/fa.institut.math.jussieu.fr\/node\/44\" href=\"https:\/\/www.imj-prg.fr\/fa\/tome-1-sur-la-stabilisation-de-la-formule-des-traces\/\">Stabilisation de la formule des traces, vari\u00e9t\u00e9s de Shimura, et applications arithm\u00e9tiques<\/a><span style=\"line-height: 20px;\">\u201d. Int. Press of Boston. (2011) ISBN 978-1-57146-227-5.<\/span><\/li>\n<li><a style=\"line-height: 15px;\" title=\"Publications_files\/minguez_induites.pdf\" href=\"http:\/\/albertominguez.com\/wp-content\/uploads\/2022\/03\/minguez_induites.pdf\">Sur l&#8217;irr\u00e9ductibilit\u00e9 d&#8217;une induite parabolique<\/a>, <span style=\"line-height: 20px;\">J. Reine Angew. Math. 629 (2009), 107\u2013131.<\/span><\/li>\n<li><a style=\"line-height: 15px;\" title=\"Publications_files\/minguez_theta.pdf\" href=\"http:\/\/albertominguez.com\/wp-content\/uploads\/2022\/03\/minguez_theta.pdf\">Correspondance de Howe explicite: paires duales de type II<\/a>, Ann. Scient. Ec. Norm. Sup., 41, f. 5, 2008, 715\u2013739.<\/li>\n<li><a title=\"Publications_files\/Howe_mod_l.pdf\" href=\"http:\/\/albertominguez.com\/wp-content\/uploads\/2022\/03\/Howe_mod_l.pdf\"><span style=\"line-height: 15px;\">l-modular local theta correspondence: dual pairs of type II<\/span><span style=\"line-height: 20px;\">,<\/span><\/a> <span style=\"line-height: 20px;\">Kokyuroku, proceedings RIMS, Kyoto, 2008<\/span><span style=\"line-height: 20px;\">.<\/span><\/li>\n<li><a title=\"Publications_files\/tesis-minguez.pdf\" href=\"http:\/\/albertominguez.com\/wp-content\/uploads\/2022\/03\/tesis-minguez.pdf\">Correspondance de Howe l-modulaire : paires duales de type II<\/a><span style=\"line-height: 20px;\">. Th\u00e8se de doctorat, Orsay 2006.<\/span><\/li>\n<\/ul>\t\t\t\t\t<\/div>\n\t\t\t\t\t\t<\/div>\n\t\t\t\t<\/div>\n\t\t\t\t\t\t<\/div>\n\t\t\t\t\t<\/div>\n\t\t<\/div>\n\t\t\t\t\t\t\t\t<\/div>\n\t\t\t\t\t<\/div>\n\t\t<\/section>\n\t\t\t\t\t\t<\/div>\n\t\t\t\t\t\t<\/div>\n\t\t\t\t\t<\/div>\n\t\t","protected":false},"excerpt":{"rendered":"<p>Ramanujan Complexes from Unitary Groups over Number Fields, with R. Dalal and J. Zou, preprint 2026, (54 pages). arXiv:2603.06156. An algorithm for Aubert\u2013Zelevinsky duality \u00e0 la M\u0153glin\u2013Waldspurger, with T. Lanard, preprint 2025, (86 pages). arXiv:2509.13231.&nbsp;Sage code. Unitary dual of p-adic split SO(2n+1) and Sp(2n): The good parity case (and slightly beyond), with H. Atobe, preprint [&hellip;]<\/p>\n","protected":false},"author":1,"featured_media":25452,"parent":0,"menu_order":0,"comment_status":"closed","ping_status":"closed","template":"","meta":{"footnotes":""},"class_list":["post-25836","page","type-page","status-publish","has-post-thumbnail","hentry"],"_links":{"self":[{"href":"https:\/\/albertominguez.com\/index.php?rest_route=\/wp\/v2\/pages\/25836","targetHints":{"allow":["GET"]}}],"collection":[{"href":"https:\/\/albertominguez.com\/index.php?rest_route=\/wp\/v2\/pages"}],"about":[{"href":"https:\/\/albertominguez.com\/index.php?rest_route=\/wp\/v2\/types\/page"}],"author":[{"embeddable":true,"href":"https:\/\/albertominguez.com\/index.php?rest_route=\/wp\/v2\/users\/1"}],"replies":[{"embeddable":true,"href":"https:\/\/albertominguez.com\/index.php?rest_route=%2Fwp%2Fv2%2Fcomments&post=25836"}],"version-history":[{"count":152,"href":"https:\/\/albertominguez.com\/index.php?rest_route=\/wp\/v2\/pages\/25836\/revisions"}],"predecessor-version":[{"id":26183,"href":"https:\/\/albertominguez.com\/index.php?rest_route=\/wp\/v2\/pages\/25836\/revisions\/26183"}],"wp:featuredmedia":[{"embeddable":true,"href":"https:\/\/albertominguez.com\/index.php?rest_route=\/wp\/v2\/media\/25452"}],"wp:attachment":[{"href":"https:\/\/albertominguez.com\/index.php?rest_route=%2Fwp%2Fv2%2Fmedia&parent=25836"}],"curies":[{"name":"wp","href":"https:\/\/api.w.org\/{rel}","templated":true}]}}